{"id":2488,"date":"2022-04-18T23:46:29","date_gmt":"2022-04-18T21:46:29","guid":{"rendered":"http:\/\/u-motorsport.urjc.es\/?page_id=2488"},"modified":"2022-10-05T13:31:07","modified_gmt":"2022-10-05T11:31:07","slug":"contact","status":"publish","type":"page","link":"https:\/\/u-motorsport.urjc.es\/?page_id=2488&lang=en","title":{"rendered":"CONTACT"},"content":{"rendered":"\t\t<div data-elementor-type=\"wp-page\" data-elementor-id=\"2488\" class=\"elementor elementor-2488\">\n\t\t\t\t\t\t<div class=\"elementor-inner\">\n\t\t\t\t<div class=\"elementor-section-wrap\">\n\t\t\t\t\t\t\t\t\t<section data-particle_enable=\"false\" data-particle-mobile-disabled=\"false\" class=\"elementor-section elementor-top-section elementor-element elementor-element-f0bccee elementor-section-stretched elementor-section-full_width elementor-section-height-default elementor-section-height-default\" data-id=\"f0bccee\" data-element_type=\"section\" data-settings=\"{&quot;stretch_section&quot;:&quot;section-stretched&quot;}\">\n\t\t\t\t\t\t<div class=\"elementor-container elementor-column-gap-default\">\n\t\t\t\t\t\t\t<div class=\"elementor-row\">\n\t\t\t\t\t<div class=\"elementor-column elementor-col-100 elementor-top-column elementor-element elementor-element-1a6e4c1\" data-id=\"1a6e4c1\" data-element_type=\"column\">\n\t\t\t<div class=\"elementor-column-wrap elementor-element-populated\">\n\t\t\t\t\t\t\t<div class=\"elementor-widget-wrap\">\n\t\t\t\t\t\t<div class=\"elementor-element elementor-element-32129bb elementor-widget elementor-widget-image\" data-id=\"32129bb\" data-element_type=\"widget\" data-widget_type=\"image.default\">\n\t\t\t\t<div class=\"elementor-widget-container\">\n\t\t\t\t\t\t\t\t<div class=\"elementor-image\">\n\t\t\t\t\t\t\t\t\t\t\t\t<img loading=\"lazy\" decoding=\"async\" width=\"1920\" height=\"450\" src=\"https:\/\/u-motorsport.urjc.es\/wp-content\/uploads\/2019\/11\/CONTACTO.png\" class=\"attachment-full size-full\" alt=\"\" srcset=\"https:\/\/u-motorsport.urjc.es\/wp-content\/uploads\/2019\/11\/CONTACTO.png 1920w, https:\/\/u-motorsport.urjc.es\/wp-content\/uploads\/2019\/11\/CONTACTO-300x70.png 300w, https:\/\/u-motorsport.urjc.es\/wp-content\/uploads\/2019\/11\/CONTACTO-1024x240.png 1024w, https:\/\/u-motorsport.urjc.es\/wp-content\/uploads\/2019\/11\/CONTACTO-768x180.png 768w, https:\/\/u-motorsport.urjc.es\/wp-content\/uploads\/2019\/11\/CONTACTO-1536x360.png 1536w\" sizes=\"auto, (max-width: 1920px) 100vw, 1920px\" \/>\t\t\t\t\t\t\t\t\t\t\t\t\t\t<\/div>\n\t\t\t\t\t\t<\/div>\n\t\t\t\t<\/div>\n\t\t\t\t\t\t<\/div>\n\t\t\t\t\t<\/div>\n\t\t<\/div>\n\t\t\t\t\t\t\t\t<\/div>\n\t\t\t\t\t<\/div>\n\t\t<\/section>\n\t\t\t\t<section data-particle_enable=\"false\" data-particle-mobile-disabled=\"false\" class=\"elementor-section elementor-top-section elementor-element elementor-element-7f2bd1a elementor-section-boxed elementor-section-height-default elementor-section-height-default\" data-id=\"7f2bd1a\" data-element_type=\"section\">\n\t\t\t\t\t\t<div class=\"elementor-container elementor-column-gap-default\">\n\t\t\t\t\t\t\t<div class=\"elementor-row\">\n\t\t\t\t\t<div class=\"elementor-column elementor-col-100 elementor-top-column elementor-element elementor-element-022be16\" data-id=\"022be16\" data-element_type=\"column\">\n\t\t\t<div class=\"elementor-column-wrap elementor-element-populated\">\n\t\t\t\t\t\t\t<div class=\"elementor-widget-wrap\">\n\t\t\t\t\t\t<div class=\"elementor-element elementor-element-e031473 elementor-widget elementor-widget-spacer\" data-id=\"e031473\" data-element_type=\"widget\" data-widget_type=\"spacer.default\">\n\t\t\t\t<div class=\"elementor-widget-container\">\n\t\t\t\t\t<div class=\"elementor-spacer\">\n\t\t\t<div class=\"elementor-spacer-inner\"><\/div>\n\t\t<\/div>\n\t\t\t\t<\/div>\n\t\t\t\t<\/div>\n\t\t\t\t\t\t<\/div>\n\t\t\t\t\t<\/div>\n\t\t<\/div>\n\t\t\t\t\t\t\t\t<\/div>\n\t\t\t\t\t<\/div>\n\t\t<\/section>\n\t\t\t\t<section data-particle_enable=\"false\" data-particle-mobile-disabled=\"false\" class=\"elementor-section elementor-top-section elementor-element elementor-element-77e757d elementor-section-stretched elementor-section-full_width elementor-section-height-default elementor-section-height-default\" data-id=\"77e757d\" data-element_type=\"section\" data-settings=\"{&quot;stretch_section&quot;:&quot;section-stretched&quot;}\">\n\t\t\t\t\t\t<div class=\"elementor-container elementor-column-gap-default\">\n\t\t\t\t\t\t\t<div class=\"elementor-row\">\n\t\t\t\t\t<div class=\"elementor-column elementor-col-100 elementor-top-column elementor-element elementor-element-66b3abf\" data-id=\"66b3abf\" data-element_type=\"column\">\n\t\t\t<div class=\"elementor-column-wrap elementor-element-populated\">\n\t\t\t\t\t\t\t<div class=\"elementor-widget-wrap\">\n\t\t\t\t\t\t<div class=\"elementor-element elementor-element-fd7ffc9 elementor-widget elementor-widget-heading\" data-id=\"fd7ffc9\" data-element_type=\"widget\" data-widget_type=\"heading.default\">\n\t\t\t\t<div class=\"elementor-widget-container\">\n\t\t\t<h2 class=\"elementor-heading-title elementor-size-default\">Contact with us<\/h2>\t\t<\/div>\n\t\t\t\t<\/div>\n\t\t\t\t<div class=\"elementor-element elementor-element-44ed227 elementor-widget elementor-widget-text-editor\" data-id=\"44ed227\" data-element_type=\"widget\" data-widget_type=\"text-editor.default\">\n\t\t\t\t<div class=\"elementor-widget-container\">\n\t\t\t\t\t\t\t\t<div class=\"elementor-text-editor elementor-clearfix\">\n\t\t\t\t<p style=\"text-align: center;\">Please write to us at <span style=\"color: #ff0000;\"><strong>marketingumotorsport@gmail.com<\/strong><\/span>\u00a0 and we will contact you.<\/p><p style=\"text-align: center;\">You can also write to us through our social networks.<\/p>\t\t\t\t\t<\/div>\n\t\t\t\t\t\t<\/div>\n\t\t\t\t<\/div>\n\t\t\t\t<div class=\"elementor-element elementor-element-f51b199 elementor-shape-circle elementor-grid-0 e-grid-align-center elementor-invisible elementor-widget elementor-widget-social-icons\" data-id=\"f51b199\" data-element_type=\"widget\" data-settings=\"{&quot;_animation&quot;:&quot;fadeIn&quot;}\" data-widget_type=\"social-icons.default\">\n\t\t\t\t<div class=\"elementor-widget-container\">\n\t\t\t\t\t<div class=\"elementor-social-icons-wrapper elementor-grid\">\n\t\t\t\t\t\t\t<span class=\"elementor-grid-item\">\n\t\t\t\t\t<a class=\"elementor-icon elementor-social-icon elementor-social-icon-twitter elementor-animation-bounce-in elementor-repeater-item-978dcf9\" href=\"https:\/\/twitter.com\/_umotorsport\" target=\"_blank\">\n\t\t\t\t\t\t<span class=\"elementor-screen-only\">Twitter<\/span>\n\t\t\t\t\t\t<i class=\"fab fa-twitter\"><\/i>\t\t\t\t\t<\/a>\n\t\t\t\t<\/span>\n\t\t\t\t\t\t\t<span class=\"elementor-grid-item\">\n\t\t\t\t\t<a class=\"elementor-icon elementor-social-icon elementor-social-icon-instagram elementor-animation-bounce-in elementor-repeater-item-a6f99fa\" href=\"https:\/\/www.instagram.com\/_umotorsport\/\" target=\"_blank\">\n\t\t\t\t\t\t<span class=\"elementor-screen-only\">Instagram<\/span>\n\t\t\t\t\t\t<i class=\"fab fa-instagram\"><\/i>\t\t\t\t\t<\/a>\n\t\t\t\t<\/span>\n\t\t\t\t\t\t\t<span class=\"elementor-grid-item\">\n\t\t\t\t\t<a class=\"elementor-icon elementor-social-icon elementor-social-icon-linkedin elementor-animation-bounce-in elementor-repeater-item-5a3f67b\" href=\"https:\/\/www.linkedin.com\/company\/10302100\" target=\"_blank\">\n\t\t\t\t\t\t<span class=\"elementor-screen-only\">Linkedin<\/span>\n\t\t\t\t\t\t<i class=\"fab fa-linkedin\"><\/i>\t\t\t\t\t<\/a>\n\t\t\t\t<\/span>\n\t\t\t\t\t\t\t<span class=\"elementor-grid-item\">\n\t\t\t\t\t<a class=\"elementor-icon elementor-social-icon elementor-social-icon-tiktok elementor-animation-bounce-in elementor-repeater-item-abf18f4\" href=\"https:\/\/www.tiktok.com\/@_umotorsport?is_from_webapp=1&#038;sender_device=pc\" target=\"_blank\">\n\t\t\t\t\t\t<span class=\"elementor-screen-only\">Tiktok<\/span>\n\t\t\t\t\t\t<i class=\"fab fa-tiktok\"><\/i>\t\t\t\t\t<\/a>\n\t\t\t\t<\/span>\n\t\t\t\t\t<\/div>\n\t\t\t\t<\/div>\n\t\t\t\t<\/div>\n\t\t\t\t\t\t<\/div>\n\t\t\t\t\t<\/div>\n\t\t<\/div>\n\t\t\t\t\t\t\t\t<\/div>\n\t\t\t\t\t<\/div>\n\t\t<\/section>\n\t\t\t\t<section data-particle_enable=\"false\" data-particle-mobile-disabled=\"false\" class=\"elementor-section elementor-top-section elementor-element elementor-element-7f8136c elementor-section-stretched elementor-section-full_width elementor-section-height-default elementor-section-height-default\" data-id=\"7f8136c\" data-element_type=\"section\" data-settings=\"{&quot;stretch_section&quot;:&quot;section-stretched&quot;}\">\n\t\t\t\t\t\t<div class=\"elementor-container elementor-column-gap-default\">\n\t\t\t\t\t\t\t<div class=\"elementor-row\">\n\t\t\t\t\t<div class=\"elementor-column elementor-col-100 elementor-top-column elementor-element elementor-element-e0e8ea0\" data-id=\"e0e8ea0\" data-element_type=\"column\">\n\t\t\t<div class=\"elementor-column-wrap elementor-element-populated\">\n\t\t\t\t\t\t\t<div class=\"elementor-widget-wrap\">\n\t\t\t\t\t\t<div class=\"elementor-element elementor-element-49072fa elementor-widget-divider--view-line elementor-widget elementor-widget-divider\" data-id=\"49072fa\" data-element_type=\"widget\" data-widget_type=\"divider.default\">\n\t\t\t\t<div class=\"elementor-widget-container\">\n\t\t\t\t\t<div class=\"elementor-divider\">\n\t\t\t<span class=\"elementor-divider-separator\">\n\t\t\t\t\t\t<\/span>\n\t\t<\/div>\n\t\t\t\t<\/div>\n\t\t\t\t<\/div>\n\t\t\t\t\t\t<\/div>\n\t\t\t\t\t<\/div>\n\t\t<\/div>\n\t\t\t\t\t\t\t\t<\/div>\n\t\t\t\t\t<\/div>\n\t\t<\/section>\n\t\t\t\t<section data-particle_enable=\"false\" data-particle-mobile-disabled=\"false\" class=\"elementor-section elementor-top-section elementor-element elementor-element-2c0e626 elementor-section-stretched elementor-section-full_width elementor-section-height-default elementor-section-height-default\" data-id=\"2c0e626\" data-element_type=\"section\" data-settings=\"{&quot;stretch_section&quot;:&quot;section-stretched&quot;}\">\n\t\t\t\t\t\t<div class=\"elementor-container elementor-column-gap-default\">\n\t\t\t\t\t\t\t<div class=\"elementor-row\">\n\t\t\t\t\t<div class=\"elementor-column elementor-col-100 elementor-top-column elementor-element elementor-element-6a941e2\" data-id=\"6a941e2\" data-element_type=\"column\">\n\t\t\t<div class=\"elementor-column-wrap elementor-element-populated\">\n\t\t\t\t\t\t\t<div class=\"elementor-widget-wrap\">\n\t\t\t\t\t\t<div class=\"elementor-element elementor-element-a10173c elementor-widget elementor-widget-heading\" data-id=\"a10173c\" data-element_type=\"widget\" data-widget_type=\"heading.default\">\n\t\t\t\t<div class=\"elementor-widget-container\">\n\t\t\t<h2 class=\"elementor-heading-title elementor-size-large\">Where are we?<\/h2>\t\t<\/div>\n\t\t\t\t<\/div>\n\t\t\t\t\t\t<\/div>\n\t\t\t\t\t<\/div>\n\t\t<\/div>\n\t\t\t\t\t\t\t\t<\/div>\n\t\t\t\t\t<\/div>\n\t\t<\/section>\n\t\t\t\t<section data-particle_enable=\"false\" data-particle-mobile-disabled=\"false\" class=\"elementor-section elementor-top-section elementor-element elementor-element-8c7cfee elementor-section-stretched elementor-section-full_width elementor-section-height-default elementor-section-height-default\" data-id=\"8c7cfee\" data-element_type=\"section\" data-settings=\"{&quot;stretch_section&quot;:&quot;section-stretched&quot;}\">\n\t\t\t\t\t\t<div class=\"elementor-container elementor-column-gap-default\">\n\t\t\t\t\t\t\t<div class=\"elementor-row\">\n\t\t\t\t\t<div class=\"elementor-column elementor-col-100 elementor-top-column elementor-element elementor-element-ea48b17\" data-id=\"ea48b17\" data-element_type=\"column\">\n\t\t\t<div class=\"elementor-column-wrap elementor-element-populated\">\n\t\t\t\t\t\t\t<div class=\"elementor-widget-wrap\">\n\t\t\t\t\t\t<div class=\"elementor-element elementor-element-307760a elementor-widget elementor-widget-google_maps\" data-id=\"307760a\" data-element_type=\"widget\" data-widget_type=\"google_maps.default\">\n\t\t\t\t<div class=\"elementor-widget-container\">\n\t\t\t\t\t<div class=\"elementor-custom-embed\">\n\t\t\t<iframe frameborder=\"0\" scrolling=\"no\" marginheight=\"0\" marginwidth=\"0\"\n\t\t\t\t\tsrc=\"https:\/\/maps.google.com\/maps?q=universidad%20rey%20juan%20carlos%20fuenlabrada&#038;t=m&#038;z=15&#038;output=embed&#038;iwloc=near\"\n\t\t\t\t\ttitle=\"universidad rey juan carlos fuenlabrada\"\n\t\t\t\t\taria-label=\"universidad rey juan carlos fuenlabrada\"\n\t\t\t><\/iframe>\n\t\t<\/div>\n\t\t\t\t<\/div>\n\t\t\t\t<\/div>\n\t\t\t\t\t\t<\/div>\n\t\t\t\t\t<\/div>\n\t\t<\/div>\n\t\t\t\t\t\t\t\t<\/div>\n\t\t\t\t\t<\/div>\n\t\t<\/section>\n\t\t\t\t\t\t\t\t\t<\/div>\n\t\t\t<\/div>\n\t\t\t\t\t<\/div>\n\t\t","protected":false},"excerpt":{"rendered":"<p>Contact with us Please write to us at marketingumotorsport@gmail.com\u00a0 and we will contact you. You can also write to us through our social networks. Twitter Instagram Linkedin Tiktok Where are we?<\/p>\n","protected":false},"author":2,"featured_media":0,"parent":0,"menu_order":6,"comment_status":"closed","ping_status":"closed","template":"","meta":{"_mi_skip_tracking":false,"footnotes":""},"class_list":["post-2488","page","type-page","status-publish","hentry"],"yoast_head":"<!-- This site is optimized with the Yoast SEO Premium plugin v18.3 (Yoast SEO v18.5) - https:\/\/yoast.com\/wordpress\/plugins\/seo\/ -->\n<title>CONTACT &ndash; \u00dc MOTORSPORT \u00dcMotorsport Formula Student Team<\/title>\n<meta name=\"description\" content=\"If you want to get in touch with us, you can find all the contact information on this page\" \/>\n<meta name=\"robots\" content=\"index, follow, max-snippet:-1, max-image-preview:large, max-video-preview:-1\" \/>\n<link rel=\"canonical\" href=\"https:\/\/u-motorsport.urjc.es\/?page_id=2488&#038;lang=en\" \/>\n<meta property=\"og:locale\" content=\"es_ES\" \/>\n<meta property=\"og:type\" content=\"article\" \/>\n<meta property=\"og:title\" content=\"CONTACT\" \/>\n<meta property=\"og:description\" content=\"If you want to get in touch with us, you can find all the contact information on this page\" \/>\n<meta property=\"og:url\" content=\"https:\/\/u-motorsport.urjc.es\/?page_id=2488&amp;lang=en\" \/>\n<meta property=\"og:site_name\" content=\"\u00dc MOTORSPORT\" \/>\n<meta property=\"article:publisher\" content=\"https:\/\/www.facebook.com\/umotorsport\" \/>\n<meta property=\"article:modified_time\" content=\"2022-10-05T11:31:07+00:00\" \/>\n<meta property=\"og:image\" content=\"http:\/\/u-motorsport.urjc.es\/wp-content\/uploads\/2019\/11\/CONTACTO.png\" \/>\n<meta name=\"twitter:card\" content=\"summary_large_image\" \/>\n<meta name=\"twitter:site\" content=\"@_umotorsport\" \/>\n<meta name=\"twitter:label1\" content=\"Tiempo de lectura\" \/>\n\t<meta name=\"twitter:data1\" content=\"1 minuto\" \/>\n<script type=\"application\/ld+json\" class=\"yoast-schema-graph\">{\"@context\":\"https:\/\/schema.org\",\"@graph\":[{\"@type\":[\"Organization\",\"Place\"],\"@id\":\"https:\/\/u-motorsport.urjc.es\/#organization\",\"name\":\"\u00dc Motorsport\",\"url\":\"https:\/\/u-motorsport.urjc.es\/\",\"sameAs\":[\"https:\/\/www.facebook.com\/umotorsport\",\"https:\/\/www.instagram.com\/_umotorsport\/\",\"https:\/\/www.linkedin.com\/company\/u-motorsport\/\",\"https:\/\/www.youtube.com\/channel\/UCL1LzM8a2Aa-aPqp9pHXj5g\",\"https:\/\/twitter.com\/_umotorsport\"],\"logo\":{\"@id\":\"https:\/\/u-motorsport.urjc.es\/?page_id=2488&lang=en#local-main-organization-logo\"},\"image\":{\"@id\":\"https:\/\/u-motorsport.urjc.es\/?page_id=2488&lang=en#local-main-organization-logo\"},\"openingHoursSpecification\":[{\"@type\":\"OpeningHoursSpecification\",\"dayOfWeek\":[\"Monday\",\"Tuesday\",\"Wednesday\",\"Thursday\",\"Friday\",\"Saturday\",\"Sunday\"],\"opens\":\"09:00\",\"closes\":\"17:00\"}]},{\"@type\":\"WebSite\",\"@id\":\"https:\/\/u-motorsport.urjc.es\/#website\",\"url\":\"https:\/\/u-motorsport.urjc.es\/\",\"name\":\"\u00dc MOTORSPORT\",\"description\":\"\u00dc Motorsport es un proyecto del Vicerrectorado de Innovaci\u00f3n de la Universidad Rey Juan Carlos. Estudiantes de Grado y Posgrado dise\u00f1an y fabricamos un monoplaza de competici\u00f3n para la Formula Student, en la que participan universidades de todo el mundo.\",\"publisher\":{\"@id\":\"https:\/\/u-motorsport.urjc.es\/#organization\"},\"potentialAction\":[{\"@type\":\"SearchAction\",\"target\":{\"@type\":\"EntryPoint\",\"urlTemplate\":\"https:\/\/u-motorsport.urjc.es\/?s={search_term_string}\"},\"query-input\":\"required name=search_term_string\"}],\"inLanguage\":\"es\"},{\"@type\":\"ImageObject\",\"@id\":\"https:\/\/u-motorsport.urjc.es\/?page_id=2488&lang=en#primaryimage\",\"inLanguage\":\"es\",\"url\":\"https:\/\/u-motorsport.urjc.es\/wp-content\/uploads\/2019\/11\/CONTACTO.png\",\"contentUrl\":\"https:\/\/u-motorsport.urjc.es\/wp-content\/uploads\/2019\/11\/CONTACTO.png\",\"width\":1920,\"height\":450},{\"@type\":\"WebPage\",\"@id\":\"https:\/\/u-motorsport.urjc.es\/?page_id=2488&lang=en#webpage\",\"url\":\"https:\/\/u-motorsport.urjc.es\/?page_id=2488&lang=en\",\"name\":\"CONTACT &ndash; \u00dc MOTORSPORT \u00dcMotorsport Formula Student Team\",\"isPartOf\":{\"@id\":\"https:\/\/u-motorsport.urjc.es\/#website\"},\"primaryImageOfPage\":{\"@id\":\"https:\/\/u-motorsport.urjc.es\/?page_id=2488&lang=en#primaryimage\"},\"datePublished\":\"2022-04-18T21:46:29+00:00\",\"dateModified\":\"2022-10-05T11:31:07+00:00\",\"description\":\"If you want to get in touch with us, you can find all the contact information on this page\",\"breadcrumb\":{\"@id\":\"https:\/\/u-motorsport.urjc.es\/?page_id=2488&lang=en#breadcrumb\"},\"inLanguage\":\"es\",\"potentialAction\":[{\"@type\":\"ReadAction\",\"target\":[\"https:\/\/u-motorsport.urjc.es\/?page_id=2488&lang=en\"]}]},{\"@type\":\"BreadcrumbList\",\"@id\":\"https:\/\/u-motorsport.urjc.es\/?page_id=2488&lang=en#breadcrumb\",\"itemListElement\":[{\"@type\":\"ListItem\",\"position\":1,\"name\":\"Portada\",\"item\":\"https:\/\/u-motorsport.urjc.es\/\"},{\"@type\":\"ListItem\",\"position\":2,\"name\":\"CONTACT\"}]},{\"@type\":\"ImageObject\",\"@id\":\"https:\/\/u-motorsport.urjc.es\/?page_id=2488&lang=en#local-main-organization-logo\",\"inLanguage\":\"es\",\"url\":\"https:\/\/u-motorsport.urjc.es\/wp-content\/uploads\/2019\/11\/umotorsport_blancoyrojo_fondonegro.png\",\"contentUrl\":\"https:\/\/u-motorsport.urjc.es\/wp-content\/uploads\/2019\/11\/umotorsport_blancoyrojo_fondonegro.png\",\"width\":2292,\"height\":1667,\"caption\":\"\u00dc Motorsport\"}]}<\/script>\n<!-- \/ Yoast SEO Premium plugin. -->","yoast_head_json":{"title":"CONTACT &ndash; \u00dc MOTORSPORT \u00dcMotorsport Formula Student Team","description":"If you want to get in touch with us, you can find all the contact information on this page","robots":{"index":"index","follow":"follow","max-snippet":"max-snippet:-1","max-image-preview":"max-image-preview:large","max-video-preview":"max-video-preview:-1"},"canonical":"https:\/\/u-motorsport.urjc.es\/?page_id=2488&lang=en","og_locale":"es_ES","og_type":"article","og_title":"CONTACT","og_description":"If you want to get in touch with us, you can find all the contact information on this page","og_url":"https:\/\/u-motorsport.urjc.es\/?page_id=2488&lang=en","og_site_name":"\u00dc MOTORSPORT","article_publisher":"https:\/\/www.facebook.com\/umotorsport","article_modified_time":"2022-10-05T11:31:07+00:00","og_image":[{"url":"http:\/\/u-motorsport.urjc.es\/wp-content\/uploads\/2019\/11\/CONTACTO.png"}],"twitter_card":"summary_large_image","twitter_site":"@_umotorsport","twitter_misc":{"Tiempo de lectura":"1 minuto"},"schema":{"@context":"https:\/\/schema.org","@graph":[{"@type":["Organization","Place"],"@id":"https:\/\/u-motorsport.urjc.es\/#organization","name":"\u00dc Motorsport","url":"https:\/\/u-motorsport.urjc.es\/","sameAs":["https:\/\/www.facebook.com\/umotorsport","https:\/\/www.instagram.com\/_umotorsport\/","https:\/\/www.linkedin.com\/company\/u-motorsport\/","https:\/\/www.youtube.com\/channel\/UCL1LzM8a2Aa-aPqp9pHXj5g","https:\/\/twitter.com\/_umotorsport"],"logo":{"@id":"https:\/\/u-motorsport.urjc.es\/?page_id=2488&lang=en#local-main-organization-logo"},"image":{"@id":"https:\/\/u-motorsport.urjc.es\/?page_id=2488&lang=en#local-main-organization-logo"},"openingHoursSpecification":[{"@type":"OpeningHoursSpecification","dayOfWeek":["Monday","Tuesday","Wednesday","Thursday","Friday","Saturday","Sunday"],"opens":"09:00","closes":"17:00"}]},{"@type":"WebSite","@id":"https:\/\/u-motorsport.urjc.es\/#website","url":"https:\/\/u-motorsport.urjc.es\/","name":"\u00dc MOTORSPORT","description":"\u00dc Motorsport es un proyecto del Vicerrectorado de Innovaci\u00f3n de la Universidad Rey Juan Carlos. Estudiantes de Grado y Posgrado dise\u00f1an y fabricamos un monoplaza de competici\u00f3n para la Formula Student, en la que participan universidades de todo el mundo.","publisher":{"@id":"https:\/\/u-motorsport.urjc.es\/#organization"},"potentialAction":[{"@type":"SearchAction","target":{"@type":"EntryPoint","urlTemplate":"https:\/\/u-motorsport.urjc.es\/?s={search_term_string}"},"query-input":"required name=search_term_string"}],"inLanguage":"es"},{"@type":"ImageObject","@id":"https:\/\/u-motorsport.urjc.es\/?page_id=2488&lang=en#primaryimage","inLanguage":"es","url":"https:\/\/u-motorsport.urjc.es\/wp-content\/uploads\/2019\/11\/CONTACTO.png","contentUrl":"https:\/\/u-motorsport.urjc.es\/wp-content\/uploads\/2019\/11\/CONTACTO.png","width":1920,"height":450},{"@type":"WebPage","@id":"https:\/\/u-motorsport.urjc.es\/?page_id=2488&lang=en#webpage","url":"https:\/\/u-motorsport.urjc.es\/?page_id=2488&lang=en","name":"CONTACT &ndash; \u00dc MOTORSPORT \u00dcMotorsport Formula Student Team","isPartOf":{"@id":"https:\/\/u-motorsport.urjc.es\/#website"},"primaryImageOfPage":{"@id":"https:\/\/u-motorsport.urjc.es\/?page_id=2488&lang=en#primaryimage"},"datePublished":"2022-04-18T21:46:29+00:00","dateModified":"2022-10-05T11:31:07+00:00","description":"If you want to get in touch with us, you can find all the contact information on this page","breadcrumb":{"@id":"https:\/\/u-motorsport.urjc.es\/?page_id=2488&lang=en#breadcrumb"},"inLanguage":"es","potentialAction":[{"@type":"ReadAction","target":["https:\/\/u-motorsport.urjc.es\/?page_id=2488&lang=en"]}]},{"@type":"BreadcrumbList","@id":"https:\/\/u-motorsport.urjc.es\/?page_id=2488&lang=en#breadcrumb","itemListElement":[{"@type":"ListItem","position":1,"name":"Portada","item":"https:\/\/u-motorsport.urjc.es\/"},{"@type":"ListItem","position":2,"name":"CONTACT"}]},{"@type":"ImageObject","@id":"https:\/\/u-motorsport.urjc.es\/?page_id=2488&lang=en#local-main-organization-logo","inLanguage":"es","url":"https:\/\/u-motorsport.urjc.es\/wp-content\/uploads\/2019\/11\/umotorsport_blancoyrojo_fondonegro.png","contentUrl":"https:\/\/u-motorsport.urjc.es\/wp-content\/uploads\/2019\/11\/umotorsport_blancoyrojo_fondonegro.png","width":2292,"height":1667,"caption":"\u00dc Motorsport"}]}},"lang":"en","translations":{"en":2488,"es":28},"pll_sync_post":[],"_links":{"self":[{"href":"https:\/\/u-motorsport.urjc.es\/index.php?rest_route=\/wp\/v2\/pages\/2488","targetHints":{"allow":["GET"]}}],"collection":[{"href":"https:\/\/u-motorsport.urjc.es\/index.php?rest_route=\/wp\/v2\/pages"}],"about":[{"href":"https:\/\/u-motorsport.urjc.es\/index.php?rest_route=\/wp\/v2\/types\/page"}],"author":[{"embeddable":true,"href":"https:\/\/u-motorsport.urjc.es\/index.php?rest_route=\/wp\/v2\/users\/2"}],"replies":[{"embeddable":true,"href":"https:\/\/u-motorsport.urjc.es\/index.php?rest_route=%2Fwp%2Fv2%2Fcomments&post=2488"}],"version-history":[{"count":22,"href":"https:\/\/u-motorsport.urjc.es\/index.php?rest_route=\/wp\/v2\/pages\/2488\/revisions"}],"predecessor-version":[{"id":3828,"href":"https:\/\/u-motorsport.urjc.es\/index.php?rest_route=\/wp\/v2\/pages\/2488\/revisions\/3828"}],"wp:attachment":[{"href":"https:\/\/u-motorsport.urjc.es\/index.php?rest_route=%2Fwp%2Fv2%2Fmedia&parent=2488"}],"curies":[{"name":"wp","href":"https:\/\/api.w.org\/{rel}","templated":true}]}}